{"id":988585,"date":"2023-11-22T16:25:38","date_gmt":"2023-11-22T15:25:38","guid":{"rendered":"https:\/\/kasnyik.mediachain.eu\/?post_type=product&#038;p=988585"},"modified":"2023-12-15T10:33:39","modified_gmt":"2023-12-15T09:33:39","slug":"dunaj-2021","status":"publish","type":"product","link":"https:\/\/kasnyik.mediachain.eu\/en\/produkt\/dunaj-2021\/","title":{"rendered":"Dunaj 2021"},"content":{"rendered":"\t\t<div data-elementor-type=\"product-post\" data-elementor-id=\"988585\" class=\"elementor elementor-988585\" data-elementor-post-type=\"product\">\n\t\t\t\t\t\t\t\t\t<section class=\"elementor-section elementor-top-section elementor-element elementor-element-567d438 elementor-section-boxed elementor-section-height-default elementor-section-height-default\" data-id=\"567d438\" data-element_type=\"section\">\n\t\t\t\t\t\t<div class=\"elementor-container elementor-column-gap-default\">\n\t\t\t\t\t<div class=\"elementor-column elementor-col-100 elementor-top-column elementor-element elementor-element-4d5e604\" data-id=\"4d5e604\" data-element_type=\"column\">\n\t\t\t<div class=\"elementor-widget-wrap elementor-element-populated\">\n\t\t\t\t\t\t\t\t<div class=\"elementor-element elementor-element-8728d74 elementor-widget elementor-widget-heading\" data-id=\"8728d74\" data-element_type=\"widget\" data-widget_type=\"heading.default\">\n\t\t\t\t<div class=\"elementor-widget-container\">\n\t\t\t<style>\/*! elementor - v3.17.0 - 08-11-2023 *\/\n.elementor-heading-title{padding:0;margin:0;line-height:1}.elementor-widget-heading .elementor-heading-title[class*=elementor-size-]>a{color:inherit;font-size:inherit;line-height:inherit}.elementor-widget-heading .elementor-heading-title.elementor-size-small{font-size:15px}.elementor-widget-heading .elementor-heading-title.elementor-size-medium{font-size:19px}.elementor-widget-heading .elementor-heading-title.elementor-size-large{font-size:29px}.elementor-widget-heading .elementor-heading-title.elementor-size-xl{font-size:39px}.elementor-widget-heading .elementor-heading-title.elementor-size-xxl{font-size:59px}<\/style><h5 class=\"elementor-heading-title elementor-size-default\">Popis<\/h5>\t\t<\/div>\n\t\t\t\t<\/div>\n\t\t\t\t<div class=\"elementor-element elementor-element-77e7d01 elementor-widget elementor-widget-text-editor\" data-id=\"77e7d01\" data-element_type=\"widget\" data-widget_type=\"text-editor.default\">\n\t\t\t\t<div class=\"elementor-widget-container\">\n\t\t\t<style>\/*! elementor - v3.17.0 - 08-11-2023 *\/\n.elementor-widget-text-editor.elementor-drop-cap-view-stacked .elementor-drop-cap{background-color:#69727d;color:#fff}.elementor-widget-text-editor.elementor-drop-cap-view-framed .elementor-drop-cap{color:#69727d;border:3px solid;background-color:transparent}.elementor-widget-text-editor:not(.elementor-drop-cap-view-default) .elementor-drop-cap{margin-top:8px}.elementor-widget-text-editor:not(.elementor-drop-cap-view-default) .elementor-drop-cap-letter{width:1em;height:1em}.elementor-widget-text-editor .elementor-drop-cap{float:left;text-align:center;line-height:1;font-size:50px}.elementor-widget-text-editor .elementor-drop-cap-letter{display:inline-block}<\/style>\t\t\t\t<p>SUCH\u00c9 \u010cERVEN\u00c9 BIO V\u00cdNO.<\/p><p>PRODUKOVAN\u00c9 TRADI\u010cNOU MET\u00d3DOU BEZ POU\u017dITIA SELEKTOVAN\u00ddCH KVASINIEK, ENZ\u00ddMOV A IN\u00ddCH PR\u00cdDAVN\u00ddCH L\u00c1TOK.<\/p><p>NE\u010c\u00cdREN\u00c9, NEFILTROVAN\u00c9<\/p>\t\t\t\t\t\t<\/div>\n\t\t\t\t<\/div>\n\t\t\t\t<div class=\"elementor-element elementor-element-4c6c34a elementor-widget elementor-widget-heading\" data-id=\"4c6c34a\" data-element_type=\"widget\" data-widget_type=\"heading.default\">\n\t\t\t\t<div class=\"elementor-widget-container\">\n\t\t\t<h5 class=\"elementor-heading-title elementor-size-default\">\u0160pecifik\u00e1cie<\/h5>\t\t<\/div>\n\t\t\t\t<\/div>\n\t\t\t\t<div class=\"elementor-element elementor-element-01ba9c0 elementor-widget elementor-widget-text-editor\" data-id=\"01ba9c0\" data-element_type=\"widget\" data-widget_type=\"text-editor.default\">\n\t\t\t\t<div class=\"elementor-widget-container\">\n\t\t\t\t\t\t\t<p><strong>Odroda:<\/strong> Dunaj<br \/><strong>Hon:<\/strong> G\u00f3re, Stredn\u00fd vrch<br \/><strong>Vek vinohradu:<\/strong> 8 rokov<br \/><strong>Zber hrozna:<\/strong> 1,4.10.2021<br \/><strong>Cukornatos\u0165 pri zbere:<\/strong> 25,00 NM \u00b0<br \/><strong>Macer\u00e1cia na \u0161upk\u00e1ch:<\/strong> 14 dn\u00ed<br \/><strong>Doba zrenia v dubovom sude:<\/strong> 13 mesiacov<br \/><strong>D\u00e1tum plnenia:<\/strong> november 2022<br \/><strong>Obsah alkoholu:<\/strong> 15,07%<br \/><strong>Obsah kysel\u00edn:<\/strong> 5,84 g\/l<br \/><strong>Obsah zvy\u0161kov\u00e9ho cukru:<\/strong> 2,90 g\/l<br \/><strong>Bezcukrov\u00fd extrakt:<\/strong> 32,40 g\/l<br \/><strong>Oxid siri\u010dit\u00fd celkov\u00fd:<\/strong> 56,00 mg\/l<br \/><strong>Obsah Histam\u00ednu:<\/strong> 10,35 mg\/l<br \/><strong>Balenie:<\/strong> 0,75 l<\/p>\t\t\t\t\t\t<\/div>\n\t\t\t\t<\/div>\n\t\t\t\t<div class=\"elementor-element elementor-element-7b3bde6 elementor-widget elementor-widget-heading\" data-id=\"7b3bde6\" data-element_type=\"widget\" data-widget_type=\"heading.default\">\n\t\t\t\t<div class=\"elementor-widget-container\">\n\t\t\t<h5 class=\"elementor-heading-title elementor-size-default\">Vinifik\u00e1cia<\/h5>\t\t<\/div>\n\t\t\t\t<\/div>\n\t\t\t\t<div class=\"elementor-element elementor-element-a302ae7 elementor-widget elementor-widget-text-editor\" data-id=\"a302ae7\" data-element_type=\"widget\" data-widget_type=\"text-editor.default\">\n\t\t\t\t<div class=\"elementor-widget-container\">\n\t\t\t\t\t\t\t<p>Hrozno bolo zbieran\u00e9 z honu G\u00f3re a Sredn\u00fd vrch, z\u00a08 ro\u010dn\u00e9ho vinohradu pri cukornatosti 25.00 NM \u00b0. Spont\u00e1nne kvasenie prebehlo so \u0161upkami v\u00a0700 litrov\u00fdch kadiach a v\u00edno n\u00e1sledne zrelo 13 mesiacov na sedimente v\u00a0pou\u017eit\u00fdch barikoch.<\/p>\t\t\t\t\t\t<\/div>\n\t\t\t\t<\/div>\n\t\t\t\t<div class=\"elementor-element elementor-element-12c10c3 elementor-hidden-desktop elementor-hidden-tablet elementor-hidden-mobile elementor-widget elementor-widget-heading\" data-id=\"12c10c3\" data-element_type=\"widget\" data-widget_type=\"heading.default\">\n\t\t\t\t<div class=\"elementor-widget-container\">\n\t\t\t<h5 class=\"elementor-heading-title elementor-size-default\">Awards<\/h5>\t\t<\/div>\n\t\t\t\t<\/div>\n\t\t\t\t<section class=\"elementor-section elementor-inner-section elementor-element elementor-element-e5f663d elementor-hidden-desktop elementor-hidden-tablet elementor-hidden-mobile elementor-section-boxed elementor-section-height-default elementor-section-height-default\" data-id=\"e5f663d\" data-element_type=\"section\">\n\t\t\t\t\t\t<div class=\"elementor-container elementor-column-gap-default\">\n\t\t\t\t\t<div class=\"elementor-column elementor-col-33 elementor-inner-column elementor-element elementor-element-42797d9\" data-id=\"42797d9\" data-element_type=\"column\">\n\t\t\t<div class=\"elementor-widget-wrap elementor-element-populated\">\n\t\t\t\t\t\t\t\t<div class=\"elementor-element elementor-element-3099fd2 elementor-headline--style-highlight elementor-widget elementor-widget-vamtam-animated-headline\" data-id=\"3099fd2\" data-element_type=\"widget\" data-settings=\"{&quot;marker&quot;:&quot;curly&quot;,&quot;highlighted_text&quot;:&quot;92\\\/100&quot;,&quot;headline_style&quot;:&quot;highlight&quot;,&quot;loop&quot;:&quot;yes&quot;,&quot;highlight_animation_duration&quot;:1200,&quot;highlight_iteration_delay&quot;:8000}\" data-widget_type=\"vamtam-animated-headline.default\">\n\t\t\t\t<div class=\"elementor-widget-container\">\n\t\t\t<link rel=\"stylesheet\" href=\"https:\/\/kasnyik.mediachain.eu\/wp-content\/plugins\/elementor-pro\/assets\/css\/widget-animated-headline.min.css\">\t\t\t\t<h5 class=\"elementor-headline\">\n\t\t\t\t\t\t\t\t\t\t\t\t\t\t\t\t\t\t<span class=\"elementor-headline-plain-text elementor-headline-text-wrapper\">Falstaff\u200b: <br><\/span>\n\t\t\t\t\t\t\t\t\t\t\t\t<span class=\"elementor-headline-dynamic-wrapper elementor-headline-text-wrapper\">\n\t\t\t\t\t\t\t\t\t\t\t\t\t<span class=\"elementor-headline-dynamic-text elementor-headline-text-active\">92\/100<\/span>\n\t\t\t\t\t\t\t\t\t\t\t\t<\/span>\n\t\t\t\t\t\t\t\t\t\t\t\t\t<span class=\"elementor-headline-plain-text elementor-headline-text-wrapper\">Austria<\/span>\n\t\t\t\t\t\t\t\t\t\t\t\t\t\t\t\t<\/h5>\n\t\t\t\t\t\t<\/div>\n\t\t\t\t<\/div>\n\t\t\t\t\t<\/div>\n\t\t<\/div>\n\t\t\t\t<div class=\"elementor-column elementor-col-33 elementor-inner-column elementor-element elementor-element-c0c1ff6\" data-id=\"c0c1ff6\" data-element_type=\"column\">\n\t\t\t<div class=\"elementor-widget-wrap elementor-element-populated\">\n\t\t\t\t\t\t\t\t<div class=\"elementor-element elementor-element-eb8e263 elementor-headline--style-highlight elementor-widget elementor-widget-vamtam-animated-headline\" data-id=\"eb8e263\" data-element_type=\"widget\" data-settings=\"{&quot;marker&quot;:&quot;curly&quot;,&quot;highlighted_text&quot;:&quot;94\\\/100&quot;,&quot;headline_style&quot;:&quot;highlight&quot;,&quot;loop&quot;:&quot;yes&quot;,&quot;highlight_animation_duration&quot;:1200,&quot;highlight_iteration_delay&quot;:8000}\" data-widget_type=\"vamtam-animated-headline.default\">\n\t\t\t\t<div class=\"elementor-widget-container\">\n\t\t\t\t\t\t\t<h5 class=\"elementor-headline\">\n\t\t\t\t\t\t\t\t\t\t\t\t\t\t\t\t\t\t<span class=\"elementor-headline-plain-text elementor-headline-text-wrapper\">Daniele Cernilli: <br><\/span>\n\t\t\t\t\t\t\t\t\t\t\t\t<span class=\"elementor-headline-dynamic-wrapper elementor-headline-text-wrapper\">\n\t\t\t\t\t\t\t\t\t\t\t\t\t<span class=\"elementor-headline-dynamic-text elementor-headline-text-active\">94\/100<\/span>\n\t\t\t\t\t\t\t\t\t\t\t\t<\/span>\n\t\t\t\t\t\t\t\t\t\t\t\t\t<span class=\"elementor-headline-plain-text elementor-headline-text-wrapper\">Italy<\/span>\n\t\t\t\t\t\t\t\t\t\t\t\t\t\t\t\t<\/h5>\n\t\t\t\t\t\t<\/div>\n\t\t\t\t<\/div>\n\t\t\t\t\t<\/div>\n\t\t<\/div>\n\t\t\t\t<div class=\"elementor-column elementor-col-33 elementor-inner-column elementor-element elementor-element-9352a17\" data-id=\"9352a17\" data-element_type=\"column\">\n\t\t\t<div class=\"elementor-widget-wrap elementor-element-populated\">\n\t\t\t\t\t\t\t\t<div class=\"elementor-element elementor-element-a5369db elementor-headline--style-highlight elementor-widget elementor-widget-vamtam-animated-headline\" data-id=\"a5369db\" data-element_type=\"widget\" data-settings=\"{&quot;marker&quot;:&quot;curly&quot;,&quot;highlighted_text&quot;:&quot;Tre bicchieri&quot;,&quot;headline_style&quot;:&quot;highlight&quot;,&quot;loop&quot;:&quot;yes&quot;,&quot;highlight_animation_duration&quot;:1200,&quot;highlight_iteration_delay&quot;:8000}\" data-widget_type=\"vamtam-animated-headline.default\">\n\t\t\t\t<div class=\"elementor-widget-container\">\n\t\t\t\t\t\t\t<h5 class=\"elementor-headline\">\n\t\t\t\t\t\t\t\t\t\t\t\t\t\t\t\t\t\t<span class=\"elementor-headline-plain-text elementor-headline-text-wrapper\">Gambero Rosso\u200b: <br><\/span>\n\t\t\t\t\t\t\t\t\t\t\t\t<span class=\"elementor-headline-dynamic-wrapper elementor-headline-text-wrapper\">\n\t\t\t\t\t\t\t\t\t\t\t\t\t<span class=\"elementor-headline-dynamic-text elementor-headline-text-active\">Tre bicchieri<\/span>\n\t\t\t\t\t\t\t\t\t\t\t\t<\/span>\n\t\t\t\t\t\t\t\t\t\t\t\t\t<span class=\"elementor-headline-plain-text elementor-headline-text-wrapper\">Italy<\/span>\n\t\t\t\t\t\t\t\t\t\t\t\t\t\t\t\t<\/h5>\n\t\t\t\t\t\t<\/div>\n\t\t\t\t<\/div>\n\t\t\t\t\t<\/div>\n\t\t<\/div>\n\t\t\t\t\t\t\t<\/div>\n\t\t<\/section>\n\t\t\t\t<section class=\"elementor-section elementor-inner-section elementor-element elementor-element-49d1b4a elementor-section-boxed elementor-section-height-default elementor-section-height-default\" data-id=\"49d1b4a\" data-element_type=\"section\">\n\t\t\t\t\t\t<div class=\"elementor-container elementor-column-gap-default\">\n\t\t\t\t\t<div class=\"elementor-column elementor-col-100 elementor-inner-column elementor-element elementor-element-1ece866\" data-id=\"1ece866\" data-element_type=\"column\">\n\t\t\t<div class=\"elementor-widget-wrap elementor-element-populated\">\n\t\t\t\t\t\t\t\t<div class=\"elementor-element elementor-element-32a4c2c elementor-widget__width-initial elementor-widget-mobile__width-initial elementor-fixed elementor-hidden-tablet elementor-hidden-phone elementor-widget elementor-widget-image\" data-id=\"32a4c2c\" data-element_type=\"widget\" data-settings=\"{&quot;_position&quot;:&quot;fixed&quot;}\" data-widget_type=\"image.default\">\n\t\t\t\t<div class=\"elementor-widget-container\">\n\t\t\t<style>\/*! elementor - v3.17.0 - 08-11-2023 *\/\n.elementor-widget-image{text-align:center}.elementor-widget-image a{display:inline-block}.elementor-widget-image a img[src$=\".svg\"]{width:48px}.elementor-widget-image img{vertical-align:middle;display:inline-block}<\/style>\t\t\t\t<div class=\"elementor-image\">\n\t\t\t\t\t\t\t\t\t\t\t\t\t\t\t\t\t\t\t\t\t<img loading=\"lazy\" decoding=\"async\" width=\"196\" height=\"307\" src=\"https:\/\/kasnyik.mediachain.eu\/wp-content\/uploads\/2020\/09\/vector-40-opacity-1.svg\" class=\"attachment-large size-large wp-image-9653\" alt=\"\" \/>\t\t\t\t\t\t\t\t\t\t\t\t\t\t\t\t\t\t\t\t\t\t\t\t<\/div>\n\t\t\t\t\t\t<\/div>\n\t\t\t\t<\/div>\n\t\t\t\t\t<\/div>\n\t\t<\/div>\n\t\t\t\t\t\t\t<\/div>\n\t\t<\/section>\n\t\t\t\t\t<\/div>\n\t\t<\/div>\n\t\t\t\t\t\t\t<\/div>\n\t\t<\/section>\n\t\t\t\t\t\t\t<\/div>\n\t\t","protected":false},"excerpt":{"rendered":"<p>Ve\u013emi tmav\u00e1, fialovo-\u010dierna farba v\u00edna. V\u00f4\u0148a je mimoriadne koncentrovan\u00e1, hust\u00e1, zrel\u00fdch \u010diernych bobu\u013eov\u00edn a sliviek. Chu\u0165 v\u00edna je pln\u00e1, m\u00e4sit\u00e1 a \u0161\u0165avnat\u00e1.,<\/p>\n","protected":false},"featured_media":988938,"comment_status":"closed","ping_status":"closed","template":"","meta":[],"product_cat":[60,57,70],"product_tag":[],"class_list":{"0":"post-988585","1":"product","2":"type-product","3":"status-publish","4":"has-post-thumbnail","6":"product_cat-bio-vina","7":"product_cat-cervene-a-rose-vina","8":"product_cat-suche-vina","10":"first","11":"instock","12":"shipping-taxable","13":"purchasable","14":"product-type-simple"},"_links":{"self":[{"href":"https:\/\/kasnyik.mediachain.eu\/en\/wp-json\/wp\/v2\/product\/988585","targetHints":{"allow":["GET"]}}],"collection":[{"href":"https:\/\/kasnyik.mediachain.eu\/en\/wp-json\/wp\/v2\/product"}],"about":[{"href":"https:\/\/kasnyik.mediachain.eu\/en\/wp-json\/wp\/v2\/types\/product"}],"replies":[{"embeddable":true,"href":"https:\/\/kasnyik.mediachain.eu\/en\/wp-json\/wp\/v2\/comments?post=988585"}],"version-history":[{"count":10,"href":"https:\/\/kasnyik.mediachain.eu\/en\/wp-json\/wp\/v2\/product\/988585\/revisions"}],"predecessor-version":[{"id":988939,"href":"https:\/\/kasnyik.mediachain.eu\/en\/wp-json\/wp\/v2\/product\/988585\/revisions\/988939"}],"wp:featuredmedia":[{"embeddable":true,"href":"https:\/\/kasnyik.mediachain.eu\/en\/wp-json\/wp\/v2\/media\/988938"}],"wp:attachment":[{"href":"https:\/\/kasnyik.mediachain.eu\/en\/wp-json\/wp\/v2\/media?parent=988585"}],"wp:term":[{"taxonomy":"product_cat","embeddable":true,"href":"https:\/\/kasnyik.mediachain.eu\/en\/wp-json\/wp\/v2\/product_cat?post=988585"},{"taxonomy":"product_tag","embeddable":true,"href":"https:\/\/kasnyik.mediachain.eu\/en\/wp-json\/wp\/v2\/product_tag?post=988585"}],"curies":[{"name":"wp","href":"https:\/\/api.w.org\/{rel}","templated":true}]}}